{"id":95,"date":"2018-06-18T06:57:36","date_gmt":"2018-06-18T06:57:36","guid":{"rendered":"http:\/\/relajatuvida.com.mx\/?page_id=95"},"modified":"2023-10-14T18:57:26","modified_gmt":"2023-10-14T18:57:26","slug":"centro-terapeutico-holistico-en-irrigacion-y-polanco-el-mejor-lugar-para-relajar-tu-vida","status":"publish","type":"page","link":"https:\/\/roslive.com\/","title":{"rendered":"Inicio"},"content":{"rendered":"<p>[et_pb_section fb_built=\u00bb1&#8243; admin_label=\u00bbsection\u00bb _builder_version=\u00bb4.16&#8243; width=\u00bb100%\u00bb width_tablet=\u00bb100%\u00bb width_phone=\u00bb100%\u00bb width_last_edited=\u00bbon|phone\u00bb max_width=\u00bb100%\u00bb max_width_tablet=\u00bb100%\u00bb max_width_phone=\u00bb100%\u00bb max_width_last_edited=\u00bbon|phone\u00bb custom_margin=\u00bb-108px|250px||||\u00bb custom_padding=\u00bb|9px|21px|17px||\u00bb global_colors_info=\u00bb{}\u00bb][et_pb_row column_structure=\u00bb1_2,1_2&#8243; _builder_version=\u00bb4.16&#8243; _module_preset=\u00bbdefault\u00bb width_tablet=\u00bb\u00bb width_phone=\u00bb100%\u00bb width_last_edited=\u00bbon|phone\u00bb max_width_tablet=\u00bb\u00bb max_width_phone=\u00bb2560%\u00bb max_width_last_edited=\u00bbon|phone\u00bb global_colors_info=\u00bb{}\u00bb][et_pb_column type=\u00bb1_2&#8243; _builder_version=\u00bb4.16&#8243; _module_preset=\u00bbdefault\u00bb global_colors_info=\u00bb{}\u00bb][et_pb_image src=\u00bbhttps:\/\/roslive.com\/wp-content\/uploads\/2023\/10\/foto-pagina-ros-cth.png\u00bb title_text=\u00bbfoto pagina ros cth\u00bb _builder_version=\u00bb4.21.2&#8243; _module_preset=\u00bbdefault\u00bb hover_enabled=\u00bb0&#8243; global_colors_info=\u00bb{}\u00bb align=\u00bbcenter\u00bb sticky_enabled=\u00bb0&#8243; width=\u00bb100%\u00bb max_width=\u00bb100%\u00bb min_height=\u00bb638px\u00bb height=\u00bb629px\u00bb][\/et_pb_image][\/et_pb_column][et_pb_column type=\u00bb1_2&#8243; _builder_version=\u00bb4.16&#8243; _module_preset=\u00bbdefault\u00bb global_colors_info=\u00bb{}\u00bb][et_pb_text _builder_version=\u00bb4.20.2&#8243; _module_preset=\u00bbdefault\u00bb text_font=\u00bbCabin||||||||\u00bb text_text_color=\u00bb#232323&#8243; text_font_size=\u00bb18px\u00bb header_font=\u00bbArial|600|||||||\u00bb header_text_align=\u00bbjustify\u00bb header_text_color=\u00bb#070056&#8243; inline_fonts=\u00bbChonburi\u00bb global_colors_info=\u00bb{}\u00bb]<\/p>\n<p>&nbsp;<\/p>\n<p>&nbsp;<\/p>\n<h5><\/h5>\n<h5><\/h5>\n<p><span style=\"font-family: Chonburi; font-weight: normal; color: #00003a;\"><strong>Es momento de sentirte bien<\/strong><\/span><\/p>\n<p style=\"text-align: justify;\"><span style=\"font-family: Chonburi; font-weight: normal;\">Aqu\u00ed te mostraremos los diferentes servicios que te ayudaran a estar mejor. Contamos con la experiencia en la parte de Masoterapia, y en Psicoterapia Existencial.<\/span><\/p>\n<p style=\"text-align: justify;\"><span style=\"font-family: Chonburi; font-weight: normal;\">Si te gusta la aromaterapia como tratamiento para sentirte bien, tenemos diferentes alternativas que te pueden ayudar.<\/span><\/p>\n<p style=\"text-align: justify;\"><span style=\"font-family: Chonburi; font-weight: normal;\">Contamos con productos naturales que te pueden interesar.<\/span><\/p>\n<p>[\/et_pb_text][\/et_pb_column][\/et_pb_row][et_pb_row column_structure=\u00bb1_4,1_4,1_4,1_4&#8243; _builder_version=\u00bb4.16&#8243; _module_preset=\u00bbdefault\u00bb background_color=\u00bb#6B6B6B\u00bb global_colors_info=\u00bb{}\u00bb][et_pb_column type=\u00bb1_4&#8243; _builder_version=\u00bb4.16&#8243; _module_preset=\u00bbdefault\u00bb global_colors_info=\u00bb{}\u00bb][et_pb_text _builder_version=\u00bb4.16&#8243; _module_preset=\u00bbdefault\u00bb text_text_color=\u00bb#FFFFFF\u00bb custom_margin=\u00bb||1px|||\u00bb global_colors_info=\u00bb{}\u00bb]<\/p>\n<h4 class=\"elementor-icon-box-title\" style=\"text-align: center;\"><a href=\"https:\/\/relajatuvida.com.mx\/#\">Env\u00edos disponible<\/a><\/h4>\n<p class=\"elementor-icon-box-description\" style=\"text-align: center;\">Pr\u00f3ximamente<\/p>\n<p>[\/et_pb_text][\/et_pb_column][et_pb_column type=\u00bb1_4&#8243; _builder_version=\u00bb4.16&#8243; _module_preset=\u00bbdefault\u00bb global_colors_info=\u00bb{}\u00bb][et_pb_text _builder_version=\u00bb4.16&#8243; _module_preset=\u00bbdefault\u00bb text_text_color=\u00bb#FFFFFF\u00bb global_colors_info=\u00bb{}\u00bb]<\/p>\n<h4 class=\"elementor-icon-box-title\" style=\"text-align: center;\"><a href=\"https:\/\/relajatuvida.com.mx\/#\">Aceites<\/a><\/h4>\n<p class=\"elementor-icon-box-description\" style=\"text-align: center;\">100% Naturales<\/p>\n<p>[\/et_pb_text][\/et_pb_column][et_pb_column type=\u00bb1_4&#8243; _builder_version=\u00bb4.16&#8243; _module_preset=\u00bbdefault\u00bb global_colors_info=\u00bb{}\u00bb][et_pb_text _builder_version=\u00bb4.16&#8243; _module_preset=\u00bbdefault\u00bb text_text_color=\u00bb#FFFFFF\u00bb global_colors_info=\u00bb{}\u00bb]<\/p>\n<h4 class=\"elementor-icon-box-title\" style=\"text-align: center;\"><a href=\"https:\/\/relajatuvida.com.mx\/#\">Excelente calidad<\/a><\/h4>\n<p class=\"elementor-icon-box-description\" style=\"text-align: center;\">al mejor precio<\/p>\n<p>[\/et_pb_text][\/et_pb_column][et_pb_column type=\u00bb1_4&#8243; _builder_version=\u00bb4.16&#8243; _module_preset=\u00bbdefault\u00bb global_colors_info=\u00bb{}\u00bb][et_pb_text _builder_version=\u00bb4.16&#8243; _module_preset=\u00bbdefault\u00bb text_text_color=\u00bb#FFFFFF\u00bb global_colors_info=\u00bb{}\u00bb]<\/p>\n<h4 class=\"elementor-icon-box-title\" style=\"text-align: center;\"><a href=\"https:\/\/relajatuvida.com.mx\/#\">Relajaci\u00f3n<\/a><\/h4>\n<p class=\"elementor-icon-box-description\" style=\"text-align: center;\">f\u00edsica y mental<\/p>\n<p>[\/et_pb_text][\/et_pb_column][\/et_pb_row][et_pb_row _builder_version=\u00bb4.16&#8243; _module_preset=\u00bbdefault\u00bb global_colors_info=\u00bb{}\u00bb][et_pb_column type=\u00bb4_4&#8243; _builder_version=\u00bb4.16&#8243; _module_preset=\u00bbdefault\u00bb global_colors_info=\u00bb{}\u00bb][et_pb_text _builder_version=\u00bb4.16&#8243; _module_preset=\u00bbdefault\u00bb global_colors_info=\u00bb{}\u00bb]<\/p>\n<div class=\"elementor-element elementor-element-e3141d4 elementor-widget elementor-widget-heading\" data-id=\"e3141d4\" data-element_type=\"widget\" data-widget_type=\"heading.default\">\n<div class=\"elementor-widget-container\">\n<h2 class=\"elementor-heading-title elementor-size-default\" style=\"text-align: center;\">Las \u00faltimas publicaciones<\/h2>\n<\/div>\n<\/div>\n<div class=\"elementor-element elementor-element-ef6d49d elementor-widget elementor-widget-image\" data-id=\"ef6d49d\" data-element_type=\"widget\" data-widget_type=\"image.default\">\n<div class=\"elementor-widget-container\">\n<div class=\"elementor-image\"><img decoding=\"async\" width=\"33\" height=\"33\" src=\"https:\/\/i0.wp.com\/relajatuvida.com.mx\/wp-content\/uploads\/2019\/07\/logo-leaf-new.png?fit=33%2C33&amp;ssl=1\" class=\"attachment-large size-large\" alt=\"\" loading=\"lazy\" style=\"display: block; margin-left: auto; margin-right: auto;\" \/><\/div>\n<\/div>\n<\/div>\n<p>[\/et_pb_text][\/et_pb_column][\/et_pb_row][et_pb_row _builder_version=\u00bb4.16&#8243; _module_preset=\u00bbdefault\u00bb global_colors_info=\u00bb{}\u00bb][et_pb_column type=\u00bb4_4&#8243; _builder_version=\u00bb4.16&#8243; _module_preset=\u00bbdefault\u00bb global_colors_info=\u00bb{}\u00bb][et_pb_blog fullwidth=\u00bboff\u00bb posts_number=\u00bb6&#8243; show_more=\u00bbon\u00bb show_excerpt=\u00bboff\u00bb show_pagination=\u00bboff\u00bb _builder_version=\u00bb4.16&#8243; _module_preset=\u00bbdefault\u00bb read_more_font=\u00bb|700||||||#0C71C3|\u00bb read_more_text_color=\u00bb#0C71C3&#8243; border_radii_image=\u00bbon|16px|16px|16px|16px\u00bb global_colors_info=\u00bb{}\u00bb][\/et_pb_blog][\/et_pb_column][\/et_pb_row][et_pb_row _builder_version=\u00bb4.16&#8243; _module_preset=\u00bbdefault\u00bb global_colors_info=\u00bb{}\u00bb][et_pb_column type=\u00bb4_4&#8243; _builder_version=\u00bb4.16&#8243; _module_preset=\u00bbdefault\u00bb global_colors_info=\u00bb{}\u00bb][et_pb_text _builder_version=\u00bb4.16&#8243; _module_preset=\u00bbdefault\u00bb global_colors_info=\u00bb{}\u00bb]<\/p>\n<section class=\"elementor-section elementor-top-section elementor-element elementor-element-1d2289e elementor-section-boxed elementor-section-height-default elementor-section-height-default\" data-id=\"1d2289e\" data-element_type=\"section\">\n<div class=\"elementor-container elementor-column-gap-default\">\n<div class=\"elementor-row\">\n<div class=\"elementor-column elementor-col-100 elementor-top-column elementor-element elementor-element-a809201\" data-id=\"a809201\" data-element_type=\"column\">\n<div class=\"elementor-column-wrap elementor-element-populated\">\n<div class=\"elementor-widget-wrap\">\n<div class=\"elementor-element elementor-element-e71f37e elementor-widget elementor-widget-image\" data-id=\"e71f37e\" data-element_type=\"widget\" data-widget_type=\"image.default\">\n<div class=\"elementor-widget-container\">\n<div class=\"elementor-image\"><\/div>\n<\/div>\n<\/div>\n<\/div>\n<\/div>\n<\/div>\n<\/div>\n<\/div>\n<\/section>\n<section class=\"elementor-section elementor-top-section elementor-element elementor-element-5b46c36 elementor-section-boxed elementor-section-height-default elementor-section-height-default\" data-id=\"5b46c36\" data-element_type=\"section\" data-settings=\"{&quot;background_background&quot;:&quot;classic&quot;}\">\n<div class=\"elementor-container elementor-column-gap-default\">\n<div class=\"elementor-row\">\n<div class=\"elementor-column elementor-col-100 elementor-top-column elementor-element elementor-element-b6899d4\" data-id=\"b6899d4\" data-element_type=\"column\">\n<div class=\"elementor-column-wrap elementor-element-populated\">\n<div class=\"elementor-widget-wrap\">\n<div class=\"elementor-element elementor-element-ddb249e elementor-widget elementor-widget-heading\" data-id=\"ddb249e\" data-element_type=\"widget\" data-widget_type=\"heading.default\">\n<div class=\"elementor-widget-container\">\n<h2 class=\"elementor-heading-title elementor-size-default\" style=\"text-align: center;\">Masajes y m\u00e1s<\/h2>\n<\/div>\n<\/div>\n<\/div>\n<\/div>\n<\/div>\n<\/div>\n<\/div>\n<\/section>\n<p>[\/et_pb_text][\/et_pb_column][\/et_pb_row][et_pb_row _builder_version=\u00bb4.16&#8243; _module_preset=\u00bbdefault\u00bb global_colors_info=\u00bb{}\u00bb][et_pb_column type=\u00bb4_4&#8243; _builder_version=\u00bb4.16&#8243; _module_preset=\u00bbdefault\u00bb global_colors_info=\u00bb{}\u00bb][et_pb_shop type=\u00bbfeatured\u00bb posts_number=\u00bb6&#8243; columns_number=\u00bb3&#8243; orderby=\u00bbdate-desc\u00bb _builder_version=\u00bb4.20.2&#8243; _module_preset=\u00bbdefault\u00bb border_radii_image=\u00bbon|16px|16px|16px|16px\u00bb global_colors_info=\u00bb{}\u00bb][\/et_pb_shop][\/et_pb_column][\/et_pb_row][\/et_pb_section]<\/p>\n","protected":false},"excerpt":{"rendered":"<p>[et_pb_section fb_built=\u00bb1&#8243; admin_label=\u00bbsection\u00bb _builder_version=\u00bb4.16&#8243; width=\u00bb100%\u00bb width_tablet=\u00bb100%\u00bb width_phone=\u00bb100%\u00bb width_last_edited=\u00bbon|phone\u00bb max_width=\u00bb100%\u00bb max_width_tablet=\u00bb100%\u00bb max_width_phone=\u00bb100%\u00bb max_width_last_edited=\u00bbon|phone\u00bb custom_margin=\u00bb-108px|250px||||\u00bb custom_padding=\u00bb|9px|21px|17px||\u00bb global_colors_info=\u00bb{}\u00bb][et_pb_row column_structure=\u00bb1_2,1_2&#8243; _builder_version=\u00bb4.16&#8243; _module_preset=\u00bbdefault\u00bb width_tablet=\u00bb\u00bb width_phone=\u00bb100%\u00bb width_last_edited=\u00bbon|phone\u00bb max_width_tablet=\u00bb\u00bb max_width_phone=\u00bb2560%\u00bb max_width_last_edited=\u00bbon|phone\u00bb global_colors_info=\u00bb{}\u00bb][et_pb_column type=\u00bb1_2&#8243; _builder_version=\u00bb4.16&#8243; _module_preset=\u00bbdefault\u00bb global_colors_info=\u00bb{}\u00bb][et_pb_image src=\u00bbhttps:\/\/roslive.com\/wp-content\/uploads\/2023\/10\/foto-pagina-ros-cth.png\u00bb title_text=\u00bbfoto pagina ros cth\u00bb _builder_version=\u00bb4.21.2&#8243; _module_preset=\u00bbdefault\u00bb hover_enabled=\u00bb0&#8243; global_colors_info=\u00bb{}\u00bb align=\u00bbcenter\u00bb sticky_enabled=\u00bb0&#8243; width=\u00bb100%\u00bb max_width=\u00bb100%\u00bb min_height=\u00bb638px\u00bb height=\u00bb629px\u00bb][\/et_pb_image][\/et_pb_column][et_pb_column type=\u00bb1_2&#8243; _builder_version=\u00bb4.16&#8243; _module_preset=\u00bbdefault\u00bb global_colors_info=\u00bb{}\u00bb][et_pb_text _builder_version=\u00bb4.20.2&#8243; _module_preset=\u00bbdefault\u00bb text_font=\u00bbCabin||||||||\u00bb text_text_color=\u00bb#232323&#8243; text_font_size=\u00bb18px\u00bb header_font=\u00bbArial|600|||||||\u00bb header_text_align=\u00bbjustify\u00bb [&hellip;]<\/p>\n","protected":false},"author":2,"featured_media":5107,"parent":0,"menu_order":0,"comment_status":"closed","ping_status":"closed","template":"","meta":{"_seopress_robots_primary_cat":"","_seopress_titles_title":"Centro Terap\u00e9utico Hol\u00edstico Irrigaci\u00f3n Polanco","_seopress_titles_desc":"El mejor lugar para relajarte y sentirte bien en el cual podr\u00e1s tener desde logoterapia y psicoterapia existencial, como un buen masaje terap\u00e9utico y relajante. Te esperamos","_seopress_robots_index":"","_et_pb_use_builder":"on","_et_pb_old_content":"<img title=\"spademasajes\" src=\"http:\/\/relajatuvida.com.mx\/wp-content\/uploads\/elementor\/thumbs\/spademasajes-p20az261qmacvixe9u4p3f6obvc108vonq1qyru9lc.jpg\" alt=\"spademasajes\" \/>\r\n<img src=\"http:\/\/relajatuvida.com.mx\/wp-content\/uploads\/2019\/07\/logo-leaf-new.png\" alt=\"\" width=\"75\" height=\"33\" \/>\r\n<h5>Productos y Servicios de Calidad<\/h5>\r\n<h1>Es momento de sentirte bien<\/h1>\r\nAqu\u00ed te mostraremos los diferentes servicios que te ayudaran a estar mejor. Contamos con la experiencia en la parte de Masoterapia, y en Psicoterapia Existencial.\r\n\r\nSi te gusta la aromaterapia como tratamiento para sentirte bien, tenemos diferentes alternativas que te pueden ayudar.\r\n\r\nContamos con productos naturales que te pueden interesar.\r\n\r\n<a href=\"#\">\u00a0<\/a>\r\n<h4><a href=\"#\">Env\u00edos disponible<\/a><\/h4>\r\nPr\u00f3ximamente\r\n\r\n<a href=\"#\">\u00a0<\/a>\r\n<h4><a href=\"#\">Aceites<\/a><\/h4>\r\n100% Naturales\r\n\r\n<a href=\"#\">\u00a0<\/a>\r\n<h4><a href=\"#\">Excelente calidad<\/a><\/h4>\r\nal mejor precio\r\n\r\n<a href=\"#\">\u00a0<\/a>\r\n<h4><a href=\"#\">Relajaci\u00f3n<\/a><\/h4>\r\nf\u00edsica y mental\r\n<h2>Las \u00faltimas publicaciones<\/h2>\r\n<img src=\"http:\/\/relajatuvida.com.mx\/wp-content\/uploads\/2019\/07\/logo-leaf-new.png\" alt=\"\" width=\"75\" height=\"33\" \/>\r\n[products limit=\"4\" columns=\"4\" visibility=\"featured\" category=\"masajes\"]\r\n<img src=\"http:\/\/relajatuvida.com.mx\/wp-content\/uploads\/2019\/06\/leaf-free-img.png\" alt=\"\" width=\"209\" height=\"90\" \/>\r\n<h2>Masajes y m\u00e1s<\/h2>","_et_gb_content_width":"1280","_monsterinsights_skip_tracking":false,"_monsterinsights_sitenote_active":false,"_monsterinsights_sitenote_note":"","_monsterinsights_sitenote_category":0,"footnotes":""},"class_list":["post-95","page","type-page","status-publish","has-post-thumbnail","hentry"],"jetpack_sharing_enabled":true,"_links":{"self":[{"href":"https:\/\/roslive.com\/index.php\/wp-json\/wp\/v2\/pages\/95","targetHints":{"allow":["GET"]}}],"collection":[{"href":"https:\/\/roslive.com\/index.php\/wp-json\/wp\/v2\/pages"}],"about":[{"href":"https:\/\/roslive.com\/index.php\/wp-json\/wp\/v2\/types\/page"}],"author":[{"embeddable":true,"href":"https:\/\/roslive.com\/index.php\/wp-json\/wp\/v2\/users\/2"}],"replies":[{"embeddable":true,"href":"https:\/\/roslive.com\/index.php\/wp-json\/wp\/v2\/comments?post=95"}],"version-history":[{"count":25,"href":"https:\/\/roslive.com\/index.php\/wp-json\/wp\/v2\/pages\/95\/revisions"}],"predecessor-version":[{"id":6575,"href":"https:\/\/roslive.com\/index.php\/wp-json\/wp\/v2\/pages\/95\/revisions\/6575"}],"wp:featuredmedia":[{"embeddable":true,"href":"https:\/\/roslive.com\/index.php\/wp-json\/wp\/v2\/media\/5107"}],"wp:attachment":[{"href":"https:\/\/roslive.com\/index.php\/wp-json\/wp\/v2\/media?parent=95"}],"curies":[{"name":"wp","href":"https:\/\/api.w.org\/{rel}","templated":true}]}}