{"id":4421,"date":"2021-02-23T19:31:37","date_gmt":"2021-02-24T01:31:37","guid":{"rendered":"http:\/\/relajatuvida.com.mx\/?page_id=4421"},"modified":"2023-01-26T02:02:38","modified_gmt":"2023-01-26T02:02:38","slug":"contacto","status":"publish","type":"page","link":"https:\/\/roslive.com\/index.php\/contacto\/","title":{"rendered":"Contacto"},"content":{"rendered":"<p>[et_pb_section fb_built=\u00bb1&#8243; _builder_version=\u00bb4.16&#8243; custom_margin=\u00bb-110px|||||\u00bb global_colors_info=\u00bb{}\u00bb][et_pb_row _builder_version=\u00bb4.16&#8243; background_image=\u00bbhttps:\/\/roslive.com\/wp-content\/uploads\/2022\/01\/WhatsApp-Image-2021-10-01-at-3.36.26-PM.jpeg\u00bb custom_margin=\u00bb|auto|75px|auto||\u00bb global_colors_info=\u00bb{}\u00bb][et_pb_column type=\u00bb4_4&#8243; _builder_version=\u00bb4.16&#8243; custom_padding=\u00bb|||\u00bb global_colors_info=\u00bb{}\u00bb custom_padding__hover=\u00bb|||\u00bb][et_pb_text _builder_version=\u00bb4.16&#8243; _module_preset=\u00bbdefault\u00bb background_color=\u00bbrgba(204,204,204,0.57)\u00bb global_colors_info=\u00bb{}\u00bb]<\/p>\n<div class=\"elementor-element elementor-element-109f6e90 elementor-widget elementor-widget-heading\" data-id=\"109f6e90\" data-element_type=\"widget\" data-widget_type=\"heading.default\">\n<div class=\"elementor-widget-container\">\n<h1 class=\"elementor-heading-title elementor-size-large\" style=\"text-align: center;\">CONT\u00c1CTANOS<\/h1>\n<\/div>\n<\/div>\n<div class=\"elementor-element elementor-element-7814adb4 elementor-widget elementor-widget-text-editor\" data-id=\"7814adb4\" data-element_type=\"widget\" data-widget_type=\"text-editor.default\">\n<div class=\"elementor-widget-container\">\n<div class=\"elementor-text-editor elementor-clearfix\">\n<h4 style=\"text-align: center;\">Tienes dudas de nuestros servicios o quieres m\u00e1s informaci\u00f3n\u00a0 para hacer una cita y reservar tu lugar,\u00a0 nos puedes contactar por medio del formulario, por WhatsApp o directamente por correo.<\/h4>\n<\/div>\n<\/div>\n<\/div>\n<p>[\/et_pb_text][et_pb_contact_form _builder_version=\u00bb4.16&#8243; _module_preset=\u00bbdefault\u00bb _unique_id=\u00bb8b69d443-7f71-4f58-bd76-e7635a80ae4f\u00bb captcha_text_color=\u00bb#EDF000&#8243; captcha_font_size=\u00bb28px\u00bb background_color=\u00bbrgba(188,188,188,0.64)\u00bb custom_button=\u00bbon\u00bb button_text_size=\u00bb21px\u00bb button_text_color=\u00bb#FFFFFF\u00bb global_colors_info=\u00bb{}\u00bb][et_pb_contact_field field_id=\u00bbName\u00bb field_title=\u00bbNombre\u00bb _builder_version=\u00bb4.16&#8243; global_colors_info=\u00bb{}\u00bb button_text_size__hover_enabled=\u00bboff\u00bb button_one_text_size__hover_enabled=\u00bboff\u00bb button_two_text_size__hover_enabled=\u00bboff\u00bb button_text_color__hover_enabled=\u00bboff\u00bb button_one_text_color__hover_enabled=\u00bboff\u00bb button_two_text_color__hover_enabled=\u00bboff\u00bb button_border_width__hover_enabled=\u00bboff\u00bb button_one_border_width__hover_enabled=\u00bboff\u00bb button_two_border_width__hover_enabled=\u00bboff\u00bb button_border_color__hover_enabled=\u00bboff\u00bb button_one_border_color__hover_enabled=\u00bboff\u00bb button_two_border_color__hover_enabled=\u00bboff\u00bb button_border_radius__hover_enabled=\u00bboff\u00bb button_one_border_radius__hover_enabled=\u00bboff\u00bb button_two_border_radius__hover_enabled=\u00bboff\u00bb button_letter_spacing__hover_enabled=\u00bboff\u00bb button_one_letter_spacing__hover_enabled=\u00bboff\u00bb button_two_letter_spacing__hover_enabled=\u00bboff\u00bb button_bg_color__hover_enabled=\u00bboff\u00bb button_one_bg_color__hover_enabled=\u00bboff\u00bb button_two_bg_color__hover_enabled=\u00bboff\u00bb][\/et_pb_contact_field][et_pb_contact_field field_id=\u00bbEmail\u00bb field_title=\u00bbDirecci\u00f3n de correo electr\u00f3nico\u00bb field_type=\u00bbemail\u00bb _builder_version=\u00bb4.16&#8243; global_colors_info=\u00bb{}\u00bb button_text_size__hover_enabled=\u00bboff\u00bb button_one_text_size__hover_enabled=\u00bboff\u00bb button_two_text_size__hover_enabled=\u00bboff\u00bb button_text_color__hover_enabled=\u00bboff\u00bb button_one_text_color__hover_enabled=\u00bboff\u00bb button_two_text_color__hover_enabled=\u00bboff\u00bb button_border_width__hover_enabled=\u00bboff\u00bb button_one_border_width__hover_enabled=\u00bboff\u00bb button_two_border_width__hover_enabled=\u00bboff\u00bb button_border_color__hover_enabled=\u00bboff\u00bb button_one_border_color__hover_enabled=\u00bboff\u00bb button_two_border_color__hover_enabled=\u00bboff\u00bb button_border_radius__hover_enabled=\u00bboff\u00bb button_one_border_radius__hover_enabled=\u00bboff\u00bb button_two_border_radius__hover_enabled=\u00bboff\u00bb button_letter_spacing__hover_enabled=\u00bboff\u00bb button_one_letter_spacing__hover_enabled=\u00bboff\u00bb button_two_letter_spacing__hover_enabled=\u00bboff\u00bb button_bg_color__hover_enabled=\u00bboff\u00bb button_one_bg_color__hover_enabled=\u00bboff\u00bb button_two_bg_color__hover_enabled=\u00bboff\u00bb][\/et_pb_contact_field][et_pb_contact_field field_id=\u00bbMessage\u00bb field_title=\u00bbMensaje\u00bb field_type=\u00bbtext\u00bb fullwidth_field=\u00bbon\u00bb _builder_version=\u00bb4.16&#8243; global_colors_info=\u00bb{}\u00bb button_text_size__hover_enabled=\u00bboff\u00bb button_one_text_size__hover_enabled=\u00bboff\u00bb button_two_text_size__hover_enabled=\u00bboff\u00bb button_text_color__hover_enabled=\u00bboff\u00bb button_one_text_color__hover_enabled=\u00bboff\u00bb button_two_text_color__hover_enabled=\u00bboff\u00bb button_border_width__hover_enabled=\u00bboff\u00bb button_one_border_width__hover_enabled=\u00bboff\u00bb button_two_border_width__hover_enabled=\u00bboff\u00bb button_border_color__hover_enabled=\u00bboff\u00bb button_one_border_color__hover_enabled=\u00bboff\u00bb button_two_border_color__hover_enabled=\u00bboff\u00bb button_border_radius__hover_enabled=\u00bboff\u00bb button_one_border_radius__hover_enabled=\u00bboff\u00bb button_two_border_radius__hover_enabled=\u00bboff\u00bb button_letter_spacing__hover_enabled=\u00bboff\u00bb button_one_letter_spacing__hover_enabled=\u00bboff\u00bb button_two_letter_spacing__hover_enabled=\u00bboff\u00bb button_bg_color__hover_enabled=\u00bboff\u00bb button_one_bg_color__hover_enabled=\u00bboff\u00bb button_two_bg_color__hover_enabled=\u00bboff\u00bb][\/et_pb_contact_field][\/et_pb_contact_form][\/et_pb_column][\/et_pb_row][et_pb_row column_structure=\u00bb1_3,1_3,1_3&#8243; _builder_version=\u00bb4.16&#8243; _module_preset=\u00bbdefault\u00bb global_colors_info=\u00bb{}\u00bb][et_pb_column type=\u00bb1_3&#8243; _builder_version=\u00bb4.16&#8243; _module_preset=\u00bbdefault\u00bb global_colors_info=\u00bb{}\u00bb][et_pb_icon font_icon=\u00bb&#xe009;||divi||400&#8243; _builder_version=\u00bb4.16&#8243; _module_preset=\u00bbdefault\u00bb global_colors_info=\u00bb{}\u00bb][\/et_pb_icon][et_pb_text _builder_version=\u00bb4.16&#8243; _module_preset=\u00bbdefault\u00bb global_colors_info=\u00bb{}\u00bb]<\/p>\n<h3 style=\"text-align: center;\">Visitanos<\/h3>\n<p style=\"text-align: justify;\">Se requiere de cita previa para poder atenderte, estamos cerca de la zona de Polanco,<\/p>\n<p>Presa Santa Rosa 48<br \/>Irrigaci\u00f3n, Miguel Hidalgo<br \/>CDMX C.P 11500<\/p>\n<p>[\/et_pb_text][\/et_pb_column][et_pb_column type=\u00bb1_3&#8243; _builder_version=\u00bb4.16&#8243; _module_preset=\u00bbdefault\u00bb global_colors_info=\u00bb{}\u00bb][et_pb_icon font_icon=\u00bb&#xf40c;||fa||400&#8243; _builder_version=\u00bb4.19.4&#8243; _module_preset=\u00bbdefault\u00bb hover_enabled=\u00bb0&#8243; global_colors_info=\u00bb{}\u00bb sticky_enabled=\u00bb0&#8243; url=\u00bbhttps:\/\/api.whatsapp.com\/send?phone=+52%201%2055%203229%207864&#8243; url_new_window=\u00bbon\u00bb][\/et_pb_icon][et_pb_text _builder_version=\u00bb4.19.4&#8243; _module_preset=\u00bbdefault\u00bb hover_enabled=\u00bb0&#8243; global_colors_info=\u00bb{}\u00bb sticky_enabled=\u00bb0&#8243;]<\/p>\n<h3 style=\"text-align: center;\"><a href=\"https:\/\/wa.link\/vztyuw\">ESCR\u00cdBENOS<\/a><\/h3>\n<p style=\"text-align: justify;\">Nos puedes mandar mensaje v\u00eda WhatsApp y en breve te responderemos<\/p>\n<p>+52 (56) 1995 4989<\/p>\n<p>[\/et_pb_text][\/et_pb_column][et_pb_column type=\u00bb1_3&#8243; _builder_version=\u00bb4.16&#8243; _module_preset=\u00bbdefault\u00bb global_colors_info=\u00bb{}\u00bb][et_pb_icon font_icon=\u00bb&#xe076;||divi||400&#8243; _builder_version=\u00bb4.16&#8243; _module_preset=\u00bbdefault\u00bb global_colors_info=\u00bb{}\u00bb][\/et_pb_icon][et_pb_text _builder_version=\u00bb4.16&#8243; _module_preset=\u00bbdefault\u00bb global_colors_info=\u00bb{}\u00bb]<\/p>\n<h3 style=\"text-align: center;\">E-MAIL<\/h3>\n<p style=\"text-align: justify;\">Si prefieres puede escribirnos un correo a la siguiente direcci\u00f3n<\/p>\n<p>roberto@roslive.com<\/p>\n<p>[\/et_pb_text][\/et_pb_column][\/et_pb_row][et_pb_row _builder_version=\u00bb4.16&#8243; _module_preset=\u00bbdefault\u00bb global_colors_info=\u00bb{}\u00bb][et_pb_column type=\u00bb4_4&#8243; _builder_version=\u00bb4.16&#8243; _module_preset=\u00bbdefault\u00bb global_colors_info=\u00bb{}\u00bb][et_pb_text _builder_version=\u00bb4.16&#8243; _module_preset=\u00bbdefault\u00bb global_colors_info=\u00bb{}\u00bb]<\/p>\n<h3 data-elementor-setting-key=\"title\" data-pen-placeholder=\"Teclea aqu\u00ed...\" style=\"font-style: normal; text-align: center;\">Preguntas Frecuentes<\/h3>\n<p style=\"text-align: center;\"><img decoding=\"async\" width=\"75\" height=\"33\" src=\"http:\/\/relajatuvida.com.mx\/wp-content\/uploads\/2019\/07\/logo-leaf-new.png\" alt=\"\" loading=\"lazy\" \/><\/p>\n<p>[\/et_pb_text][\/et_pb_column][\/et_pb_row][et_pb_row column_structure=\u00bb1_2,1_2&#8243; _builder_version=\u00bb4.16&#8243; _module_preset=\u00bbdefault\u00bb global_colors_info=\u00bb{}\u00bb][et_pb_column type=\u00bb1_2&#8243; _builder_version=\u00bb4.16&#8243; _module_preset=\u00bbdefault\u00bb global_colors_info=\u00bb{}\u00bb][et_pb_toggle title=\u00bb\u00bfQu\u00e9 es un masaje terap\u00e9utico?\u00bb _builder_version=\u00bb4.16&#8243; _module_preset=\u00bbdefault\u00bb global_colors_info=\u00bb{}\u00bb]<\/p>\n<p style=\"text-align: justify;\">Este tipo de masaje sirve para quitar dolores musculares, provocados por alguna activaci\u00f3n de un punto gatillo, o por alguna lesi\u00f3n del pasado, es un masaje que ayuda a recuperar la movilidad.<\/p>\n<p>[\/et_pb_toggle][et_pb_toggle title=\u00bb\u00bfQu\u00e9 tipo de masaje sirve para quitar contracturas musculares?\u00bb _builder_version=\u00bb4.16&#8243; _module_preset=\u00bbdefault\u00bb global_colors_info=\u00bb{}\u00bb]<\/p>\n<p style=\"text-align: justify;\">Los masajes que sirven para quitar contracturas musculares y relajar los m\u00fasculos.<\/p>\n<p style=\"text-align: justify;\">Puedes escoger un masaje Sueco, Tejido profundo o un terap\u00e9utico.\u00a0<\/p>\n<p style=\"text-align: justify;\">Todo depende del tipo de contractura muscular y su intensidad. Si es leve puede ser el sueco o el de tejido profundo, si no lo mejor ser\u00e1 un terap\u00e9utico.<\/p>\n<p>&nbsp;<\/p>\n<p>[\/et_pb_toggle][et_pb_toggle title=\u00bb\u00bfCu\u00e1nto tiempo dura un masaje?\u00bb _builder_version=\u00bb4.16&#8243; _module_preset=\u00bbdefault\u00bb global_colors_info=\u00bb{}\u00bb]<\/p>\n<p style=\"text-align: justify;\">El masaje terap\u00e9utico es el de menor duraci\u00f3n de 40 minutos.<\/p>\n<p style=\"text-align: justify;\">Los masajes descontracturantes y relajantes duran de una hora con veinte minutos a una hora con cuarenta minutos dependiendo del tipo de masaje.<\/p>\n<p>[\/et_pb_toggle][\/et_pb_column][et_pb_column type=\u00bb1_2&#8243; _builder_version=\u00bb4.16&#8243; _module_preset=\u00bbdefault\u00bb global_colors_info=\u00bb{}\u00bb][et_pb_toggle title=\u00bb\u00bfQu\u00e9 es un masaje relajante?\u00bb _builder_version=\u00bb4.16&#8243; _module_preset=\u00bbdefault\u00bb global_colors_info=\u00bb{}\u00bb]<\/p>\n<p style=\"text-align: justify;\">Todos los masajes son relajantes, y sirven para la relajaci\u00f3n muscular, aunque si quieres uno totalmente relajante te podemos recomendar el masaje hol\u00edstico.<\/p>\n<p>[\/et_pb_toggle][et_pb_toggle title=\u00bb\u00bfTengo qu\u00e9 llevar algo para mi masaje?\u00bb _builder_version=\u00bb4.16&#8243; _module_preset=\u00bbdefault\u00bb global_colors_info=\u00bb{}\u00bb]<\/p>\n<p style=\"text-align: justify;\">No, aqu\u00ed tenemos todo lo necesario para tu masaje, y todos los aceites para masaje, como aceites esenciales para la aromaterapia est\u00e1n incluidos.<\/p>\n<p>&nbsp;<\/p>\n<p>[\/et_pb_toggle][et_pb_toggle title=\u00bb\u00bfTengo que hacer cita?\u00bb _builder_version=\u00bb4.16&#8243; _module_preset=\u00bbdefault\u00bb global_colors_info=\u00bb{}\u00bb]<\/p>\n<p style=\"text-align: justify;\">Para apartar tu lugar es importan hacer cita.<\/p>\n<p>Tu cita la puedes hacer con dos horas de anticipaci\u00f3n o varios d\u00edas antes si te gusta programar tu tiempo, as\u00ed cuando llegues tendremos todo listo para atenderte.<\/p>\n<p>&nbsp;<\/p>\n<p>[\/et_pb_toggle][\/et_pb_column][\/et_pb_row][et_pb_row _builder_version=\u00bb4.16&#8243; _module_preset=\u00bbdefault\u00bb global_colors_info=\u00bb{}\u00bb][et_pb_column type=\u00bb4_4&#8243; _builder_version=\u00bb4.16&#8243; _module_preset=\u00bbdefault\u00bb global_colors_info=\u00bb{}\u00bb][et_pb_code _builder_version=\u00bb4.16&#8243; _module_preset=\u00bbdefault\u00bb text_orientation=\u00bbcenter\u00bb global_colors_info=\u00bb{}\u00bb]<iframe src=\"https:\/\/www.google.com\/maps\/embed?pb=!1m18!1m12!1m3!1d3762.31001065297!2d-99.21248838582522!3d19.442196345413397!2m3!1f0!2f0!3f0!3m2!1i1024!2i768!4f13.1!3m3!1m2!1s0x85d2021790e2f1d9%3A0x542c10b5681d4d7a!2sCentro%20Terap%C3%A9utico%20Hol%C3%ADstico%2C%20Masajes%20Relajantes%2C%20Terap%C3%A9uticos%20y%20Deportivos%20a%20Mujeres%20y%20Hombres%2C%20Acupuntura%20y%20Auriculoterapia%2C%20Polanco%20Irrigacion%20CDMX%20Ciudad%20de%20Mexico.!5e0!3m2!1ses!2smx!4v1643423395922!5m2!1ses!2smx\" width=\"600\" height=\"450\" style=\"border:0;\" allowfullscreen=\"\" loading=\"lazy\"><\/iframe>[\/et_pb_code][\/et_pb_column][\/et_pb_row][\/et_pb_section]<\/p>\n","protected":false},"excerpt":{"rendered":"<p>CONT\u00c1CTANOS Tienes dudas de nuestros servicios o quieres m\u00e1s informaci\u00f3n\u00a0 para hacer una cita y reservar tu lugar,\u00a0 nos puedes contactar por medio del formulario, por WhatsApp o directamente por correo. Visitanos Se requiere de cita previa para poder atenderte, estamos cerca de la zona de Polanco, Presa Santa Rosa 48Irrigaci\u00f3n, Miguel HidalgoCDMX C.P 11500ESCR\u00cdBENOS [&hellip;]<\/p>\n","protected":false},"author":2,"featured_media":0,"parent":0,"menu_order":0,"comment_status":"closed","ping_status":"closed","template":"","meta":{"_seopress_robots_primary_cat":"","_seopress_titles_title":"","_seopress_titles_desc":"","_seopress_robots_index":"","_et_pb_use_builder":"on","_et_pb_old_content":"<h1>Cont\u00e1ctanos<\/h1>\r\nTienes dudas de nuestros servicios o quieres m\u00e1s informaci\u00f3n\u00a0 para hacer una cita y reservar tu lugar,\u00a0 nos puedes contactar por medio del formulario, por WhatsApp o directamente por correo.\r\n<h3>\r\n\t\t\t\t\tVisitanos<\/h3>\r\nSe requiere de cita previa para poder atenderte, estamos cerca de la zona de Polanco,\r\n\r\nPresa Santa Rosa 48\r\nIrrigaci\u00f3n, Miguel Hidalgo\r\nCDMX C.P 11500\r\n\r\n<a href=\"https:\/\/wa.link\/vztyuw\">\r\n<\/a>\r\n<h3>\r\n\t\t\t\t\t<a href=\"https:\/\/wa.link\/vztyuw\">ESCR\u00cdBENOS<\/a><\/h3>\r\nNos puedes mandar mensaje v\u00eda  WhatsApp y en breve te responderemos\r\n\r\n+52 (55) 32297864\r\n<h3>\r\n\t\t\t\t\tE-mAIL<\/h3>\r\nSi prefieres puede escribirnos un correo a la siguiente direcci\u00f3n\r\n\r\nroberto@roslive.com\r\n<h2><\/h2>\r\n<h3 data-elementor-setting-key=\"title\" data-pen-placeholder=\"Teclea aqu\u00ed...\" style=\"font-style: normal; text-align: center;\">Preguntas Frecuentes<\/h3>\r\n<img width=\"75\" height=\"33\" src=\"http:\/\/relajatuvida.com.mx\/wp-content\/uploads\/2019\/07\/logo-leaf-new.png\" alt=\"\" loading=\"lazy\">\r\n<a href=\"\">\u00bfQu\u00e9 es un masaje terap\u00e9utico?<\/a>\r\n\r\nEste tipo de masaje sirve para quitar dolores musculares, provocados por alguna activaci\u00f3n de un punto gatillo, o por alguna lesi\u00f3n del pasado, es un masaje que ayuda a recuperar la movilidad.\r\n\r\n<a href=\"\">\u00bfQu\u00e9 tipo de masaje sirve para quitar contracturas musculares?<\/a>\r\n\r\nLos masajes que sirven para quitar contracturas musculares y relajar los m\u00fasculos.\r\n\r\nPuedes escoger un masaje Sueco, Tejido profundo o un terap\u00e9utico.\u00a0\r\n\r\nTodo depende del tipo de contractura muscular y su intensidad. Si es leve puede ser el sueco o el de tejido profundo, si no lo mejor ser\u00e1 un terap\u00e9utico.\r\n\r\n<a href=\"\">\u00bfCu\u00e1nto tiempo dura un masaje?<\/a>\r\n\r\nEl masaje terap\u00e9utico es el de menor duraci\u00f3n de 40 minutos.\r\n\r\nLos masajes descontracturantes y relajantes duran de una hora con veinte minutos a una hora con cuarenta minutos dependiendo del tipo de masaje.\r\n\r\n<a href=\"\">\u00bfQu\u00e9 es un masaje relajante?<\/a>\r\n\r\nTodos los masajes son relajantes, y sirven para la relajaci\u00f3n muscular, aunque si quieres uno totalmente relajante te podemos recomendar el masaje hol\u00edstico.\r\n\r\n<a href=\"\">\u00bfTengo qu\u00e9 llevar algo para mi masaje?<\/a>\r\n\r\nNo, aqu\u00ed tenemos todo lo necesario para tu masaje, y todos los aceites para masaje, como aceites esenciales para la aromaterapia est\u00e1n incluidos.\r\n\r\n<a href=\"\">\u00bfTengo que hacer cita?<\/a>\r\n\r\nPara apartar tu lugar es importan hacer cita.\r\n\r\nTu cita la puedes hacer con dos horas de anticipaci\u00f3n o varios d\u00edas antes si te gusta programar tu tiempo, as\u00ed cuando llegues tendremos todo listo para atenderte.\r\n\r\n<iframe frameborder=\"0\" scrolling=\"no\" marginheight=\"0\" marginwidth=\"0\" src=\"https:\/\/maps.google.com\/maps?q=Presa%20Santa%20Rosa%2048%20-%203%20Miguel%20Hidalgo%20CDMX&t=m&z=16&output=embed&iwloc=near\" title=\"Presa Santa Rosa 48 - 3 Miguel Hidalgo CDMX\" aria-label=\"Presa Santa Rosa 48 - 3 Miguel Hidalgo CDMX\"><\/iframe>","_et_gb_content_width":"1280","_monsterinsights_skip_tracking":false,"_monsterinsights_sitenote_active":false,"_monsterinsights_sitenote_note":"","_monsterinsights_sitenote_category":0,"footnotes":""},"class_list":["post-4421","page","type-page","status-publish","hentry"],"jetpack_sharing_enabled":true,"_links":{"self":[{"href":"https:\/\/roslive.com\/index.php\/wp-json\/wp\/v2\/pages\/4421","targetHints":{"allow":["GET"]}}],"collection":[{"href":"https:\/\/roslive.com\/index.php\/wp-json\/wp\/v2\/pages"}],"about":[{"href":"https:\/\/roslive.com\/index.php\/wp-json\/wp\/v2\/types\/page"}],"author":[{"embeddable":true,"href":"https:\/\/roslive.com\/index.php\/wp-json\/wp\/v2\/users\/2"}],"replies":[{"embeddable":true,"href":"https:\/\/roslive.com\/index.php\/wp-json\/wp\/v2\/comments?post=4421"}],"version-history":[{"count":14,"href":"https:\/\/roslive.com\/index.php\/wp-json\/wp\/v2\/pages\/4421\/revisions"}],"predecessor-version":[{"id":6378,"href":"https:\/\/roslive.com\/index.php\/wp-json\/wp\/v2\/pages\/4421\/revisions\/6378"}],"wp:attachment":[{"href":"https:\/\/roslive.com\/index.php\/wp-json\/wp\/v2\/media?parent=4421"}],"curies":[{"name":"wp","href":"https:\/\/api.w.org\/{rel}","templated":true}]}}